{"id":767,"date":"2018-08-30T18:42:20","date_gmt":"2018-08-30T21:42:20","guid":{"rendered":"https:\/\/ifdchopin-mza.infd.edu.ar\/sitio\/autoridades\/"},"modified":"2020-03-17T00:44:20","modified_gmt":"2020-03-17T03:44:20","slug":"autoridades","status":"publish","type":"page","link":"https:\/\/ifdchopin-infd.mendoza.edu.ar\/sitio\/autoridades\/","title":{"rendered":"Autoridades"},"content":{"rendered":"<p><strong><em>Representante Legal: Prof. Mar\u00eda Elisa Scarzola<\/em><\/strong><\/p>\n<p><strong><em>Rector: Lic. Prof. Mar\u00eda Luc\u00eda Contreras<\/em><\/strong><\/p>\n<p><strong><em>Apoderada administrativa: Lic. Prof. Elizabeth Entre Rios<\/em><\/strong><\/p>\n<p><strong><em>Secretaria: Lic. Paola Estrella<\/em><\/strong><\/p>\n<p><strong><em>Asesora\u00a0<\/em><\/strong><strong><em>T\u00e9cnica &#8211; P<\/em><\/strong><strong><em>ed<\/em><\/strong><strong><em>ag\u00f3gica<\/em><\/strong><strong><em>: Lic. Prof. M. Teresa Belmonte<\/em><\/strong><\/p>\n<p><strong><em>Asesor\u00eda Contable: Cdor. M. Azar, Pedro Mart\u00ednez<\/em><\/strong><\/p>\n<p><strong><em>Consejo Acad\u00e9mico: P. Morales, P. Herrera, V. Bernal,\u00a0 Daniel Contreras, Gonzalo Villalba.<\/em><\/strong><\/p>\n","protected":false},"excerpt":{"rendered":"<p>Representante Legal: Prof. Mar\u00eda Elisa Scarzola Rector: Lic. Prof. Mar\u00eda Luc\u00eda Contreras Apoderada administrativa: Lic. Prof. Elizabeth Entre Rios Secretaria: Lic. Paola Estrella Asesora\u00a0T\u00e9cnica &#8211; Pedag\u00f3gica: Lic. Prof. M. Teresa Belmonte Asesor\u00eda Contable: Cdor. M. Azar, Pedro Mart\u00ednez Consejo Acad\u00e9mico: P. Morales, P. Herrera, V. Bernal,\u00a0 Daniel Contreras, Gonzalo Villalba.<\/p>\n","protected":false},"author":23,"featured_media":0,"parent":0,"menu_order":0,"comment_status":"closed","ping_status":"closed","template":"","meta":[],"acf":[],"_links":{"self":[{"href":"https:\/\/ifdchopin-infd.mendoza.edu.ar\/sitio\/wp-json\/wp\/v2\/pages\/767"}],"collection":[{"href":"https:\/\/ifdchopin-infd.mendoza.edu.ar\/sitio\/wp-json\/wp\/v2\/pages"}],"about":[{"href":"https:\/\/ifdchopin-infd.mendoza.edu.ar\/sitio\/wp-json\/wp\/v2\/types\/page"}],"author":[{"embeddable":true,"href":"https:\/\/ifdchopin-infd.mendoza.edu.ar\/sitio\/wp-json\/wp\/v2\/users\/23"}],"replies":[{"embeddable":true,"href":"https:\/\/ifdchopin-infd.mendoza.edu.ar\/sitio\/wp-json\/wp\/v2\/comments?post=767"}],"version-history":[{"count":4,"href":"https:\/\/ifdchopin-infd.mendoza.edu.ar\/sitio\/wp-json\/wp\/v2\/pages\/767\/revisions"}],"predecessor-version":[{"id":795,"href":"https:\/\/ifdchopin-infd.mendoza.edu.ar\/sitio\/wp-json\/wp\/v2\/pages\/767\/revisions\/795"}],"wp:attachment":[{"href":"https:\/\/ifdchopin-infd.mendoza.edu.ar\/sitio\/wp-json\/wp\/v2\/media?parent=767"}],"curies":[{"name":"wp","href":"https:\/\/api.w.org\/{rel}","templated":true}]}}